{"id":13986,"date":"2020-12-10T15:47:26","date_gmt":"2020-12-10T14:47:26","guid":{"rendered":"https:\/\/www.neolith-group.com\/neolith-raggiunge-lo-status-di-carbon-neutral\/"},"modified":"2025-11-21T15:31:58","modified_gmt":"2025-11-21T14:31:58","slug":"neolith-raggiunge-lo-status-di-carbon-neutral","status":"publish","type":"page","link":"https:\/\/www.neolith-group.com\/it\/neolith-raggiunge-lo-status-di-carbon-neutral\/","title":{"rendered":"Neolith\u00ae raggiunge lo status di \u201ccarbon neutral\u201d."},"content":{"rendered":"<p>[et_pb_section fb_built=&#8221;1&#8243; _builder_version=&#8221;4.7.5&#8243; _module_preset=&#8221;default&#8221;][et_pb_row _builder_version=&#8221;4.7.5&#8243; _module_preset=&#8221;default&#8221;][et_pb_column type=&#8221;4_4&#8243; _builder_version=&#8221;4.7.5&#8243; _module_preset=&#8221;default&#8221;][et_pb_text _builder_version=&#8221;4.7.5&#8243; _module_preset=&#8221;default&#8221; header_font=&#8221;Roboto|900|||||||&#8221; hover_enabled=&#8221;0&#8243; sticky_enabled=&#8221;0&#8243;]<\/p>\n<h1>Neolith\u00ae raggiunge lo status di \u201ccarbon neutral\u201d.<\/h1>\n<p>[\/et_pb_text][et_pb_text _builder_version=&#8221;4.7.5&#8243; _module_preset=&#8221;default&#8221; header_2_font=&#8221;Roboto|700|||||||&#8221; header_3_font=&#8221;Roboto||||||||&#8221; hover_enabled=&#8221;0&#8243; sticky_enabled=&#8221;0&#8243;]<\/p>\n<h2>Il marchio leader del mercato delle superfici diventa \u201ccarbon neutral\u201d.<\/h2>\n<h3>Nel 2019 il marchio, grazie alla compensazione del carbonio, non ha generato emissioni di CO<strong><span>2<\/span><\/strong><span> <\/span>da cancello a cancello (gate-to-gate)<\/h3>\n<p>[\/et_pb_text][\/et_pb_column][\/et_pb_row][et_pb_row _builder_version=&#8221;4.7.5&#8243; _module_preset=&#8221;default&#8221; column_structure=&#8221;1_2,1_2&#8243;][et_pb_column _builder_version=&#8221;4.7.5&#8243; _module_preset=&#8221;default&#8221; type=&#8221;1_2&#8243;][et_pb_image src=&#8221;https:\/\/www.neolith-group.com\/wp-content\/uploads\/2020\/12\/edificios.jpg&#8221; _builder_version=&#8221;4.7.5&#8243; _module_preset=&#8221;default&#8221; title_text=&#8221;edificios&#8221; hover_enabled=&#8221;0&#8243; sticky_enabled=&#8221;0&#8243;][\/et_pb_image][\/et_pb_column][et_pb_column _builder_version=&#8221;4.7.5&#8243; _module_preset=&#8221;default&#8221; type=&#8221;1_2&#8243;][et_pb_text _builder_version=&#8221;4.7.5&#8243; _module_preset=&#8221;default&#8221; header_2_font=&#8221;Roboto||||||||&#8221; hover_enabled=&#8221;0&#8243; sticky_enabled=&#8221;0&#8243;]<\/p>\n<h2>Neolith\u00ae, uno dei materiali pi\u00f9 sostenibili ed ecologici del mercato.<\/h2>\n<p>Per raggiungere l\u2019ambitissimo stato di \u201ccarbon neutral\u201d Neolith\u00ae ha seguito il riconosciuto GHG Protocol e ha implementato una <strong>strategia di sostenibilit\u00e0, dinamica e orientata all\u2019innovazione<\/strong>, associata a una<strong>compensazione tattica e di valore elevato delle emissioni di carbonio.<\/strong><\/p>\n<p>[\/et_pb_text][\/et_pb_column][\/et_pb_row][et_pb_row _builder_version=&#8221;4.7.5&#8243; _module_preset=&#8221;default&#8221;][et_pb_column _builder_version=&#8221;4.7.5&#8243; _module_preset=&#8221;default&#8221; type=&#8221;4_4&#8243;][et_pb_image src=&#8221;https:\/\/www.neolith-group.com\/wp-content\/uploads\/2020\/12\/banner-carbon-neutral.jpg&#8221; _builder_version=&#8221;4.7.5&#8243; _module_preset=&#8221;default&#8221; title_text=&#8221;banner-carbon-neutral&#8221; hover_enabled=&#8221;0&#8243; sticky_enabled=&#8221;0&#8243;][\/et_pb_image][\/et_pb_column][\/et_pb_row][et_pb_row _builder_version=&#8221;4.7.5&#8243; _module_preset=&#8221;default&#8221; column_structure=&#8221;1_2,1_2&#8243;][et_pb_column _builder_version=&#8221;4.7.5&#8243; _module_preset=&#8221;default&#8221; type=&#8221;1_2&#8243;][et_pb_image src=&#8221;https:\/\/www.neolith-group.com\/wp-content\/uploads\/2020\/12\/NUMEROS_it_IT.jpg&#8221; _builder_version=&#8221;4.7.5&#8243; _module_preset=&#8221;default&#8221; title_text=&#8221;numeros_es&#8221; hover_enabled=&#8221;0&#8243; sticky_enabled=&#8221;0&#8243;][\/et_pb_image][\/et_pb_column][et_pb_column _builder_version=&#8221;4.7.5&#8243; _module_preset=&#8221;default&#8221; type=&#8221;1_2&#8243;][et_pb_text _builder_version=&#8221;4.7.5&#8243; _module_preset=&#8221;default&#8221; hover_enabled=&#8221;0&#8243; sticky_enabled=&#8221;0&#8243; header_2_font=&#8221;Roboto||||||||&#8221;]<\/p>\n<h2>Il nostro impegno e i risultati del 2019<\/h2>\n<p>Tutto ci\u00f2 ha portato l\u2019intera azienda al livello di \u201ccarbon neutral\u201d in cui \u00e8 decisivo il fatto che il marchio riceva il 100% dell\u2019elettricit\u00e0 (nel 2019) da fonti di energia rinnovabili. Ci\u00f2 ha favorito l\u2019abbattimento dell\u2019emissione di una massa di 7.690 tonnellate di CO2 (* Per il suo calcolo \u00e8 stato utilizzato il mix elettrico 2019 pubblicato nel calcolatore del Ministero per la Transizione Ecologica).<\/p>\n<p>Inoltre il 90% degli scarti generati da Neolith\u00ae viene riciclato e vive una seconda esistenza all\u2019interno di operazioni realizzate dall\u2019azienda o attraverso l\u2019operato di terzi autorizzati. Ci\u00f2 dimostra un solido impegno per<span> <\/span><strong>l\u2019economia circolare.<\/strong><\/p>\n<p>Anche le superfici di Neolith\u00ae sono una dimostrazione di questi principi, visto che fino al 48% del peso della lastra \u00e8 ricavato da materiali riciclati.. (<em>*a seconda del modello, vedere la pagina web per consultare il certificato: <span> <\/span><a href=\"https:\/\/www.neolith.com\/es\/documentacion\/\" target=\"_blank\" rel=\"noopener\">www.neolith.com\/zona-de-descargas\/#certificados<\/a><\/em>).<\/p>\n<p>I macchinari dello stabilimento sono stati egualmente adattati in modo da migliorare<span> <\/span><strong>l\u2019efficienza energetica<\/strong>, particularmente en el horno de la tercera l\u00ednea, donde se ha instalado un sistema de control de O<span>2<\/span><span> <\/span>y presi\u00f3n que reduce considerablemente el consumo de gas. A ci\u00f2 viene associata una riduzione del 40% del consumo di gasolio per carrelli elevatori e un calo del 20% dei rifiuti pericolosi generati.<\/p>\n<p>\u00c8 stata anche avviata una<span> <\/span><strong>politica di riduzione dell\u2019uso di elementi in plastica monouso<\/strong>, Si tratta di un passo piccolo ma significativo verso il \u201ccarbon neutral\u201d[\/et_pb_text][\/et_pb_column][\/et_pb_row][et_pb_row _builder_version=&#8221;4.7.5&#8243; _module_preset=&#8221;default&#8221; column_structure=&#8221;1_2,1_2&#8243;][et_pb_column _builder_version=&#8221;4.7.5&#8243; _module_preset=&#8221;default&#8221; type=&#8221;1_2&#8243;][et_pb_testimonial author=&#8221;Mar Esteve&#8221; portrait_url=&#8221;https:\/\/www.neolith-group.com\/wp-content\/uploads\/2020\/12\/Mar-Esteve.jpeg&#8221; _builder_version=&#8221;4.7.5&#8243; _module_preset=&#8221;default&#8221; job_title=&#8221;CMO&#8221; company_name=&#8221;Neolith\u00ae &#8221; title_text=&#8221;Mar-Esteve&#8221; hover_enabled=&#8221;0&#8243; sticky_enabled=&#8221;0&#8243;]<\/p>\n<p>Considerata la visione di fondazione del marchio, il raggiungimento dello stato di \u201c<strong>carbon neutral<\/strong>\u201d, rappresenta la conquista di uno degli obiettivi fondamentali dell\u2019azienda.<\/p>\n<p>[\/et_pb_testimonial][\/et_pb_column][et_pb_column _builder_version=&#8221;4.7.5&#8243; _module_preset=&#8221;default&#8221; type=&#8221;1_2&#8243;][et_pb_image src=&#8221;https:\/\/www.neolith-group.com\/wp-content\/uploads\/2020\/12\/casa-800.jpg&#8221; _builder_version=&#8221;4.7.5&#8243; _module_preset=&#8221;default&#8221; title_text=&#8221;casa-800&#8243; hover_enabled=&#8221;0&#8243; sticky_enabled=&#8221;0&#8243;][\/et_pb_image][\/et_pb_column][\/et_pb_row][et_pb_row _builder_version=&#8221;4.7.5&#8243; _module_preset=&#8221;default&#8221; column_structure=&#8221;1_2,1_2&#8243;][et_pb_column _builder_version=&#8221;4.7.5&#8243; _module_preset=&#8221;default&#8221; type=&#8221;1_2&#8243;][et_pb_text _builder_version=&#8221;4.7.5&#8243; _module_preset=&#8221;default&#8221; header_2_font=&#8221;Roboto||||||||&#8221; hover_enabled=&#8221;0&#8243; sticky_enabled=&#8221;0&#8243; header_2_line_height=&#8221;1.2em&#8221;]<\/p>\n<h2>Neolith\u00ae fonda le proprie pratiche aziendali sulla sostenibilit\u00e0 e il rispetto per l\u2019ambiente.<\/h2>\n<p>[\/et_pb_text][et_pb_text _builder_version=&#8221;4.7.5&#8243; _module_preset=&#8221;default&#8221; hover_enabled=&#8221;0&#8243; sticky_enabled=&#8221;0&#8243;]<\/p>\n<p><span>Tutti questi provvedimenti rispondono direttamente agli obiettivi di riduzione previsti dal <\/span><strong>GHG Protocol<\/strong><span>che includono: emissioni dirette durante l\u2019attivit\u00e0 aziendale (ad es. gas naturale, gasolio utilizzato per i carrelli elevatori, numero di veicoli posseduti), emissioni provenienti dall\u2019elettricit\u00e0 utilizzata e altre emissioni indirette generate dall\u2019attivit\u00e0 quotidiana dell\u2019azienda.<\/span><\/p>\n<p>[\/et_pb_text][\/et_pb_column][et_pb_column _builder_version=&#8221;4.7.5&#8243; _module_preset=&#8221;default&#8221; type=&#8221;1_2&#8243;][et_pb_testimonial author=&#8221;Mar Esteve&#8221; portrait_url=&#8221;https:\/\/www.neolith-group.com\/wp-content\/uploads\/2020\/12\/Mar-Esteve.jpeg&#8221; _builder_version=&#8221;4.7.5&#8243; _module_preset=&#8221;default&#8221; job_title=&#8221;CMO&#8221; company_name=&#8221;Neolith\u00ae &#8221; title_text=&#8221;Mar-Esteve&#8221; hover_enabled=&#8221;0&#8243; sticky_enabled=&#8221;0&#8243;]Sono orgogliosa che architetti, designer e consumatori possano scegliere le superfici Neolith con la sicurezza di sapere che stanno investendo nella Pietra Sinterizzata pi\u00f9 ecologica disponibile sul mercato. Utilizzarla render\u00e0 i loro progetti ancora pi\u00f9 eco-compatibili[\/et_pb_testimonial][\/et_pb_column][\/et_pb_row][et_pb_row _builder_version=&#8221;4.7.5&#8243; _module_preset=&#8221;default&#8221;][et_pb_column _builder_version=&#8221;4.7.5&#8243; _module_preset=&#8221;default&#8221; type=&#8221;4_4&#8243;][et_pb_text _builder_version=&#8221;4.7.5&#8243; _module_preset=&#8221;default&#8221; header_2_font=&#8221;Roboto||||||||&#8221; hover_enabled=&#8221;0&#8243; sticky_enabled=&#8221;0&#8243;]<\/p>\n<h2>Il nostro contributo<\/h2>\n<p>[\/et_pb_text][et_pb_text _builder_version=&#8221;4.7.5&#8243; _module_preset=&#8221;default&#8221; hover_enabled=&#8221;0&#8243; sticky_enabled=&#8221;0&#8243;]<\/p>\n<p><span>Neolith\u00ae ha realizzato anche <\/span><strong>vari progetti ambientali <\/strong><span> che rientrano nella propria strategia di sostenibilit\u00e0. Questi progetti compensano e assorbono una quantit\u00e0 specifica di CO<\/span><span>2<\/span><span>.<\/span><\/p>\n<p><span>Rispetto al futuro, uno dei pi\u00f9 notevoli verr\u00e0 realizzato nell\u2019America Centrale e sar\u00e0 destinato a <\/span><strong>proteggere e mantenere la diversit\u00e0 unica della Conservazione della costa caraibica guatemalteca. <\/strong><span>.<\/span><\/p>\n<p>[\/et_pb_text][\/et_pb_column][\/et_pb_row][et_pb_row _builder_version=&#8221;4.7.5&#8243; _module_preset=&#8221;default&#8221; column_structure=&#8221;1_2,1_2&#8243;][et_pb_column _builder_version=&#8221;4.7.5&#8243; _module_preset=&#8221;default&#8221; type=&#8221;1_2&#8243;][et_pb_image src=&#8221;https:\/\/www.neolith-group.com\/wp-content\/uploads\/2020\/12\/paisaje.jpg&#8221; _builder_version=&#8221;4.7.5&#8243; _module_preset=&#8221;default&#8221; title_text=&#8221;paisaje&#8221; hover_enabled=&#8221;0&#8243; sticky_enabled=&#8221;0&#8243;][\/et_pb_image][\/et_pb_column][et_pb_column _builder_version=&#8221;4.7.5&#8243; _module_preset=&#8221;default&#8221; type=&#8221;1_2&#8243;][et_pb_testimonial author=&#8221;Jos\u00e9 Luis Ram\u00f3n&#8221; portrait_url=&#8221;https:\/\/www.neolith-group.com\/wp-content\/uploads\/2020\/12\/JoseLuisRamon.jpg&#8221; _builder_version=&#8221;4.7.5&#8243; _module_preset=&#8221;default&#8221; job_title=&#8221;CEO&#8221; company_name=&#8221;Neolith\u00ae &#8221; title_text=&#8221;JoseLuisRamon&#8221; hover_enabled=&#8221;0&#8243; sticky_enabled=&#8221;0&#8243;]La responsabilit\u00e0 sociale dell\u2019impresa non consiste solo nel garantire che le pratiche aziendali siano il pi\u00f9 sostenibili ed etiche possibile, riguarda anche la compensazione nei riguardi di una societ\u00e0 pi\u00f9 vasta. In particolare, l\u2019aiuto a chi \u00e8 meno fortunato di noi[\/et_pb_testimonial][\/et_pb_column][\/et_pb_row][et_pb_row _builder_version=&#8221;4.7.5&#8243; _module_preset=&#8221;default&#8221; column_structure=&#8221;1_2,1_2&#8243;][et_pb_column _builder_version=&#8221;4.7.5&#8243; _module_preset=&#8221;default&#8221; type=&#8221;1_2&#8243;][et_pb_text _builder_version=&#8221;4.7.5&#8243; _module_preset=&#8221;default&#8221; hover_enabled=&#8221;0&#8243; sticky_enabled=&#8221;0&#8243;]<\/p>\n<p>Attraverso questo progetto,<span> <\/span><strong>Neolith\u00ae parteciper\u00e0 ai lavori di protezione della biodiversit\u00e0 unica all\u2019interno delle restanti foreste della regione.<\/strong>, Il marchio contribuir\u00e0 ad affrontare i principali fattori che provocano la deforestazione attraverso la promozione di leggi efficaci, pianificazione dell\u2019uso del territorio, opportunit\u00e0 economiche e iniziative agrosilvicoltura sosteni..<\/p>\n<p>Il risultato diretto delle attivit\u00e0 di questo progetto,<span> <\/span><strong>sar\u00e0 la prevenzione di oltre quattro milioni di tonnellate di emissioni di CO<span>2<\/span><span> <\/span>entro il 2021<\/strong>, che corrisponde alla scomparsa dalla rete di erogazione di 440.000 case per un anno. Se si prende in considerazione una vita utile del progetto di 30 anni, le tonnellate di emissioni di CO<span>2<\/span><span> <\/span>evitate raggiungeranno circa i 22 milioni.<\/p>\n<p>Ci sono inoltre anche altri importanti vantaggi a livello di biodiversit\u00e0, come la protezione di oltre 400 specie di uccelli che \u00e8 stata documentata nel progetto e dell\u2019habitat di un\u2019abbondanza di mammiferi e rettili, tra cui 30 specie considerate di alto valore di conservazione.<\/p>\n<p>[\/et_pb_text][\/et_pb_column][et_pb_column _builder_version=&#8221;4.7.5&#8243; _module_preset=&#8221;default&#8221; type=&#8221;1_2&#8243;][et_pb_image src=&#8221;https:\/\/www.neolith-group.com\/wp-content\/uploads\/2020\/12\/selva.jpg&#8221; _builder_version=&#8221;4.7.5&#8243; _module_preset=&#8221;default&#8221; title_text=&#8221;selva&#8221; hover_enabled=&#8221;0&#8243; sticky_enabled=&#8221;0&#8243; custom_margin=&#8221;6px|||||&#8221;][\/et_pb_image][\/et_pb_column][\/et_pb_row][et_pb_row _builder_version=&#8221;4.7.5&#8243; _module_preset=&#8221;default&#8221; column_structure=&#8221;1_2,1_2&#8243;][et_pb_column _builder_version=&#8221;4.7.5&#8243; _module_preset=&#8221;default&#8221; type=&#8221;1_2&#8243;][et_pb_image src=&#8221;https:\/\/www.neolith-group.com\/wp-content\/uploads\/2020\/12\/mono.jpg&#8221; _builder_version=&#8221;4.7.5&#8243; _module_preset=&#8221;default&#8221; title_text=&#8221;mono&#8221; hover_enabled=&#8221;0&#8243; sticky_enabled=&#8221;0&#8243;][\/et_pb_image][\/et_pb_column][et_pb_column _builder_version=&#8221;4.7.5&#8243; _module_preset=&#8221;default&#8221; type=&#8221;1_2&#8243;][et_pb_testimonial author=&#8221;Jos\u00e9 Luis Ram\u00f3n&#8221; portrait_url=&#8221;https:\/\/www.neolith-group.com\/wp-content\/uploads\/2020\/12\/JoseLuisRamon.jpg&#8221; _builder_version=&#8221;4.7.5&#8243; _module_preset=&#8221;default&#8221; job_title=&#8221;CEO&#8221; company_name=&#8221;Neolith\u00ae &#8221; title_text=&#8221;JoseLuisRamon&#8221; hover_enabled=&#8221;0&#8243; sticky_enabled=&#8221;0&#8243;]Il nostro contributo al progetto di Conservazione della costa caraibica guatemalteca comporta una miriade di benefici, non solo per la biodiversit\u00e0 di questa regione unica, ma anche per le persone che ci abitano. Rinforzer\u00e0 l\u2019habitat naturale e dar\u00e0 un pi\u00f9 che necessario impulso socio-economico alla popolazione locale, tra le pi\u00f9 povere dell\u2019America Centrale[\/et_pb_testimonial][\/et_pb_column][\/et_pb_row][\/et_pb_section]<\/p>\n","protected":false},"excerpt":{"rendered":"<p>Neolith\u00ae raggiunge lo status di \u201ccarbon neutral\u201d. Il marchio leader del mercato delle superfici diventa \u201ccarbon neutral\u201d. Nel 2019 il marchio, grazie alla compensazione del carbonio, non ha generato emissioni di CO2 da cancello a cancello (gate-to-gate) Neolith\u00ae, uno dei materiali pi\u00f9 sostenibili ed ecologici del mercato. Per raggiungere l\u2019ambitissimo stato di \u201ccarbon neutral\u201d Neolith\u00ae [&hellip;]<\/p>\n","protected":false},"author":1,"featured_media":0,"parent":0,"menu_order":0,"comment_status":"closed","ping_status":"closed","template":"","meta":{"_acf_changed":false,"_et_pb_use_builder":"on","_et_pb_old_content":"","_et_gb_content_width":"","footnotes":""},"class_list":["post-13986","page","type-page","status-publish","hentry"],"acf":[],"yoast_head":"<!-- This site is optimized with the Yoast SEO plugin v27.5 - https:\/\/yoast.com\/product\/yoast-seo-wordpress\/ -->\n<title>Neolith\u00ae raggiunge lo status di \u201ccarbon neutral\u201d. - Neolith Group<\/title>\n<meta name=\"robots\" content=\"index, follow, max-snippet:-1, max-image-preview:large, max-video-preview:-1\" \/>\n<link rel=\"canonical\" href=\"https:\/\/www.neolith-group.com\/it\/neolith-raggiunge-lo-status-di-carbon-neutral\/\" \/>\n<meta property=\"og:locale\" content=\"it_IT\" \/>\n<meta property=\"og:type\" content=\"article\" \/>\n<meta property=\"og:title\" content=\"Neolith\u00ae raggiunge lo status di \u201ccarbon neutral\u201d. - Neolith Group\" \/>\n<meta property=\"og:url\" content=\"https:\/\/www.neolith-group.com\/it\/neolith-raggiunge-lo-status-di-carbon-neutral\/\" \/>\n<meta property=\"og:site_name\" content=\"Neolith Group\" \/>\n<meta property=\"article:publisher\" content=\"https:\/\/www.facebook.com\/NeolithGroup\" \/>\n<meta property=\"article:modified_time\" content=\"2025-11-21T14:31:58+00:00\" \/>\n<meta name=\"twitter:card\" content=\"summary_large_image\" \/>\n<meta name=\"twitter:site\" content=\"@NeolithOfficial\" \/>\n<meta name=\"twitter:label1\" content=\"Tempo di lettura stimato\" \/>\n\t<meta name=\"twitter:data1\" content=\"8 minuti\" \/>\n<script type=\"application\/ld+json\" class=\"yoast-schema-graph\">{\"@context\":\"https:\\\/\\\/schema.org\",\"@graph\":[{\"@type\":\"WebPage\",\"@id\":\"https:\\\/\\\/www.neolith-group.com\\\/it\\\/neolith-raggiunge-lo-status-di-carbon-neutral\\\/\",\"url\":\"https:\\\/\\\/www.neolith-group.com\\\/it\\\/neolith-raggiunge-lo-status-di-carbon-neutral\\\/\",\"name\":\"Neolith\u00ae raggiunge lo status di \u201ccarbon neutral\u201d. - Neolith Group\",\"isPartOf\":{\"@id\":\"https:\\\/\\\/www.neolith-group.com\\\/it\\\/#website\"},\"datePublished\":\"2020-12-10T14:47:26+00:00\",\"dateModified\":\"2025-11-21T14:31:58+00:00\",\"breadcrumb\":{\"@id\":\"https:\\\/\\\/www.neolith-group.com\\\/it\\\/neolith-raggiunge-lo-status-di-carbon-neutral\\\/#breadcrumb\"},\"inLanguage\":\"it-IT\",\"potentialAction\":[{\"@type\":\"ReadAction\",\"target\":[\"https:\\\/\\\/www.neolith-group.com\\\/it\\\/neolith-raggiunge-lo-status-di-carbon-neutral\\\/\"]}]},{\"@type\":\"BreadcrumbList\",\"@id\":\"https:\\\/\\\/www.neolith-group.com\\\/it\\\/neolith-raggiunge-lo-status-di-carbon-neutral\\\/#breadcrumb\",\"itemListElement\":[{\"@type\":\"ListItem\",\"position\":1,\"name\":\"Portada\",\"item\":\"https:\\\/\\\/www.neolith-group.com\\\/it\\\/\"},{\"@type\":\"ListItem\",\"position\":2,\"name\":\"Neolith\u00ae raggiunge lo status di \u201ccarbon neutral\u201d.\"}]},{\"@type\":\"WebSite\",\"@id\":\"https:\\\/\\\/www.neolith-group.com\\\/it\\\/#website\",\"url\":\"https:\\\/\\\/www.neolith-group.com\\\/it\\\/\",\"name\":\"Neolith Group\",\"description\":\"touch.feel.life\",\"publisher\":{\"@id\":\"https:\\\/\\\/www.neolith-group.com\\\/it\\\/#organization\"},\"alternateName\":\"Neolith\",\"potentialAction\":[{\"@type\":\"SearchAction\",\"target\":{\"@type\":\"EntryPoint\",\"urlTemplate\":\"https:\\\/\\\/www.neolith-group.com\\\/it\\\/?s={search_term_string}\"},\"query-input\":{\"@type\":\"PropertyValueSpecification\",\"valueRequired\":true,\"valueName\":\"search_term_string\"}}],\"inLanguage\":\"it-IT\"},{\"@type\":\"Organization\",\"@id\":\"https:\\\/\\\/www.neolith-group.com\\\/it\\\/#organization\",\"name\":\"TheSize Surfaces S.L.U.\",\"alternateName\":\"Neolith\",\"url\":\"https:\\\/\\\/www.neolith-group.com\\\/it\\\/\",\"logo\":{\"@type\":\"ImageObject\",\"inLanguage\":\"it-IT\",\"@id\":\"https:\\\/\\\/www.neolith-group.com\\\/it\\\/#\\\/schema\\\/logo\\\/image\\\/\",\"url\":\"https:\\\/\\\/www.neolith-group.com\\\/wp-content\\\/uploads\\\/2023\\\/03\\\/logo_neolith_black.png\",\"contentUrl\":\"https:\\\/\\\/www.neolith-group.com\\\/wp-content\\\/uploads\\\/2023\\\/03\\\/logo_neolith_black.png\",\"width\":245,\"height\":51,\"caption\":\"TheSize Surfaces S.L.U.\"},\"image\":{\"@id\":\"https:\\\/\\\/www.neolith-group.com\\\/it\\\/#\\\/schema\\\/logo\\\/image\\\/\"},\"sameAs\":[\"https:\\\/\\\/www.facebook.com\\\/NeolithGroup\",\"https:\\\/\\\/x.com\\\/NeolithOfficial\",\"https:\\\/\\\/www.linkedin.com\\\/company\\\/neolithofficial\\\/\",\"https:\\\/\\\/www.pinterest.es\\\/NeolithOfficial\\\/\",\"https:\\\/\\\/www.instagram.com\\\/neolithofficial\\\/\",\"https:\\\/\\\/www.youtube.com\\\/user\\\/NeolithTV\"]}]}<\/script>\n<!-- \/ Yoast SEO plugin. -->","yoast_head_json":{"title":"Neolith\u00ae raggiunge lo status di \u201ccarbon neutral\u201d. - Neolith Group","robots":{"index":"index","follow":"follow","max-snippet":"max-snippet:-1","max-image-preview":"max-image-preview:large","max-video-preview":"max-video-preview:-1"},"canonical":"https:\/\/www.neolith-group.com\/it\/neolith-raggiunge-lo-status-di-carbon-neutral\/","og_locale":"it_IT","og_type":"article","og_title":"Neolith\u00ae raggiunge lo status di \u201ccarbon neutral\u201d. - Neolith Group","og_url":"https:\/\/www.neolith-group.com\/it\/neolith-raggiunge-lo-status-di-carbon-neutral\/","og_site_name":"Neolith Group","article_publisher":"https:\/\/www.facebook.com\/NeolithGroup","article_modified_time":"2025-11-21T14:31:58+00:00","twitter_card":"summary_large_image","twitter_site":"@NeolithOfficial","twitter_misc":{"Tempo di lettura stimato":"8 minuti"},"schema":{"@context":"https:\/\/schema.org","@graph":[{"@type":"WebPage","@id":"https:\/\/www.neolith-group.com\/it\/neolith-raggiunge-lo-status-di-carbon-neutral\/","url":"https:\/\/www.neolith-group.com\/it\/neolith-raggiunge-lo-status-di-carbon-neutral\/","name":"Neolith\u00ae raggiunge lo status di \u201ccarbon neutral\u201d. - Neolith Group","isPartOf":{"@id":"https:\/\/www.neolith-group.com\/it\/#website"},"datePublished":"2020-12-10T14:47:26+00:00","dateModified":"2025-11-21T14:31:58+00:00","breadcrumb":{"@id":"https:\/\/www.neolith-group.com\/it\/neolith-raggiunge-lo-status-di-carbon-neutral\/#breadcrumb"},"inLanguage":"it-IT","potentialAction":[{"@type":"ReadAction","target":["https:\/\/www.neolith-group.com\/it\/neolith-raggiunge-lo-status-di-carbon-neutral\/"]}]},{"@type":"BreadcrumbList","@id":"https:\/\/www.neolith-group.com\/it\/neolith-raggiunge-lo-status-di-carbon-neutral\/#breadcrumb","itemListElement":[{"@type":"ListItem","position":1,"name":"Portada","item":"https:\/\/www.neolith-group.com\/it\/"},{"@type":"ListItem","position":2,"name":"Neolith\u00ae raggiunge lo status di \u201ccarbon neutral\u201d."}]},{"@type":"WebSite","@id":"https:\/\/www.neolith-group.com\/it\/#website","url":"https:\/\/www.neolith-group.com\/it\/","name":"Neolith Group","description":"touch.feel.life","publisher":{"@id":"https:\/\/www.neolith-group.com\/it\/#organization"},"alternateName":"Neolith","potentialAction":[{"@type":"SearchAction","target":{"@type":"EntryPoint","urlTemplate":"https:\/\/www.neolith-group.com\/it\/?s={search_term_string}"},"query-input":{"@type":"PropertyValueSpecification","valueRequired":true,"valueName":"search_term_string"}}],"inLanguage":"it-IT"},{"@type":"Organization","@id":"https:\/\/www.neolith-group.com\/it\/#organization","name":"TheSize Surfaces S.L.U.","alternateName":"Neolith","url":"https:\/\/www.neolith-group.com\/it\/","logo":{"@type":"ImageObject","inLanguage":"it-IT","@id":"https:\/\/www.neolith-group.com\/it\/#\/schema\/logo\/image\/","url":"https:\/\/www.neolith-group.com\/wp-content\/uploads\/2023\/03\/logo_neolith_black.png","contentUrl":"https:\/\/www.neolith-group.com\/wp-content\/uploads\/2023\/03\/logo_neolith_black.png","width":245,"height":51,"caption":"TheSize Surfaces S.L.U."},"image":{"@id":"https:\/\/www.neolith-group.com\/it\/#\/schema\/logo\/image\/"},"sameAs":["https:\/\/www.facebook.com\/NeolithGroup","https:\/\/x.com\/NeolithOfficial","https:\/\/www.linkedin.com\/company\/neolithofficial\/","https:\/\/www.pinterest.es\/NeolithOfficial\/","https:\/\/www.instagram.com\/neolithofficial\/","https:\/\/www.youtube.com\/user\/NeolithTV"]}]}},"_links":{"self":[{"href":"https:\/\/www.neolith-group.com\/it\/wp-json\/wp\/v2\/pages\/13986","targetHints":{"allow":["GET"]}}],"collection":[{"href":"https:\/\/www.neolith-group.com\/it\/wp-json\/wp\/v2\/pages"}],"about":[{"href":"https:\/\/www.neolith-group.com\/it\/wp-json\/wp\/v2\/types\/page"}],"author":[{"embeddable":true,"href":"https:\/\/www.neolith-group.com\/it\/wp-json\/wp\/v2\/users\/1"}],"replies":[{"embeddable":true,"href":"https:\/\/www.neolith-group.com\/it\/wp-json\/wp\/v2\/comments?post=13986"}],"version-history":[{"count":1,"href":"https:\/\/www.neolith-group.com\/it\/wp-json\/wp\/v2\/pages\/13986\/revisions"}],"predecessor-version":[{"id":3615434,"href":"https:\/\/www.neolith-group.com\/it\/wp-json\/wp\/v2\/pages\/13986\/revisions\/3615434"}],"wp:attachment":[{"href":"https:\/\/www.neolith-group.com\/it\/wp-json\/wp\/v2\/media?parent=13986"}],"curies":[{"name":"wp","href":"https:\/\/api.w.org\/{rel}","templated":true}]}}